{"id":906,"date":"2023-12-11T17:01:18","date_gmt":"2023-12-11T17:01:18","guid":{"rendered":"https:\/\/citt-espacio.madrimasd.org\/?page_id=906"},"modified":"2023-12-12T17:06:44","modified_gmt":"2023-12-12T17:06:44","slug":"visual-composer-906","status":"publish","type":"page","link":"https:\/\/citt-espacio.madrimasd.org\/index.php\/visual-composer-906\/","title":{"rendered":""},"content":{"rendered":"<div class=\"vce-row-container\" data-vce-boxed-width=\"true\"><div class=\"vce-row vce-row--col-gap-30 vce-row-equal-height vce-row-content--top\" id=\"el-99601e81\" data-vce-do-apply=\"all el-99601e81\"><div class=\"vce-row-content\" data-vce-element-content=\"true\"><div class=\"vce-col vce-col--md-auto vce-col--xs-1 vce-col--xs-last vce-col--xs-first vce-col--sm-last vce-col--sm-first vce-col--md-last vce-col--lg-last vce-col--xl-last vce-col--md-first vce-col--lg-first vce-col--xl-first\" id=\"el-b022c716\"><div class=\"vce-col-inner\" data-vce-do-apply=\"border margin background  el-b022c716\"><div class=\"vce-col-content\" data-vce-element-content=\"true\" data-vce-do-apply=\"padding el-b022c716\"><div class=\"vce-text-block\"><div class=\"vce-text-block-wrapper vce\" id=\"el-43a22194\" data-vce-do-apply=\"all el-43a22194\"><h2>Estructura de gesti\u00f3n del Cl\u00faster<\/h2><\/div><\/div><\/div><\/div><\/div><\/div><\/div><\/div><div class=\"vce-row-container\" data-vce-boxed-width=\"true\"><div class=\"vce-row vce-row--col-gap-30 vce-row-equal-height vce-row-content--top\" id=\"el-762ce798\" data-vce-do-apply=\"all el-762ce798\"><div class=\"vce-row-content\" data-vce-element-content=\"true\"><div class=\"vce-col vce-col--md-auto vce-col--xs-1 vce-col--xs-last vce-col--xs-first vce-col--sm-last vce-col--sm-first vce-col--md-first vce-col--lg-first vce-col--xl-first\" id=\"el-ac310f0a\"><div class=\"vce-col-inner\" data-vce-do-apply=\"border margin background  el-ac310f0a\"><div class=\"vce-col-content\" data-vce-element-content=\"true\" data-vce-do-apply=\"padding el-ac310f0a\"><section class=\"vce-hero-section-container vce-hero-section-media--xs\"><div class=\"vce vce-hero-section\" id=\"el-2c99435e\" data-vce-do-apply=\"margin background border  el-2c99435e\" data-vce-background-image-all=\"https:\/\/citt-espacio.madrimasd.org\/wp-content\/uploads\/2023\/12\/Director-2.png\" data-vce-background-image=\"all\" data-vce-lozad=\"true\"><div class=\"vce-hero-section--wrap-row\"><div class=\"vce-hero-section--wrap\"><div class=\"vce-hero-section--content\" data-vce-do-apply=\"padding el-2c99435e\"><div class=\"vce-hero-section--content-container\"><h1 style=\"color: #fff; text-align: center;\"><span style=\"font-size: 24pt; color: #ffffff;\">Directores<\/span><\/h1><\/div><div class=\"vce-button--style-basic-container vce-button--style-basic-container--align-center\"><span class=\"vce-button--style-basic-wrapper vce\" id=\"el-621dde6e\" data-vce-do-apply=\"margin el-621dde6e\"><a class=\"vce-button vce-button--style-basic vce-button--style-basic--border-square vce-button--style-basic--size-medium vce-button--style-basic--color-b-255-255-255--b-62-61-61\" href=\"https:\/\/citt-espacio.madrimasd.org\/index.php\/5-2\/por-que-unirse-al-cluster\/quienes-somos\/\" title=\"\" data-vce-do-apply=\"padding border background  el-621dde6e\">Con\u00f3cenos<\/a><\/span><\/div><\/div><\/div><\/div><\/div><\/section><\/div><\/div><\/div><div class=\"vce-col vce-col--md-auto vce-col--xs-1 vce-col--xs-last vce-col--xs-first vce-col--sm-last vce-col--sm-first\" id=\"el-00cdc309\"><div class=\"vce-col-inner\" data-vce-do-apply=\"border margin background  el-00cdc309\"><div class=\"vce-col-content\" data-vce-element-content=\"true\" data-vce-do-apply=\"padding el-00cdc309\"><section class=\"vce-hero-section-container vce-hero-section-media--xs\"><div class=\"vce vce-hero-section\" id=\"el-b6b6efdb\" data-vce-do-apply=\"margin background border  el-b6b6efdb\" data-vce-background-image-all=\"https:\/\/citt-espacio.madrimasd.org\/wp-content\/uploads\/2023\/12\/Oficina-tecnica.png\" data-vce-background-image=\"all\" data-vce-lozad=\"true\"><div class=\"vce-hero-section--wrap-row\"><div class=\"vce-hero-section--wrap\"><div class=\"vce-hero-section--content\" data-vce-do-apply=\"padding el-b6b6efdb\"><div class=\"vce-hero-section--content-container\"><h1 style=\"color: #fff; text-align: center;\"><span style=\"font-size: 24pt;\">Oficina t\u00e9cnica<\/span><\/h1><\/div><div class=\"vce-button--style-basic-container vce-button--style-basic-container--align-center\"><span class=\"vce-button--style-basic-wrapper vce\" id=\"el-34bb20ca\" data-vce-do-apply=\"margin el-34bb20ca\"><a class=\"vce-button vce-button--style-basic vce-button--style-basic--border-square vce-button--style-basic--size-medium vce-button--style-basic--color-b-255-255-255--b-62-61-61\" href=\"https:\/\/kpmg.com\/es\/es\/home.html\" title=\"\" data-vce-do-apply=\"padding border background  el-34bb20ca\">Con\u00f3cenos<\/a><\/span><\/div><\/div><\/div><\/div><\/div><\/section><\/div><\/div><\/div><div class=\"vce-col vce-col--md-auto vce-col--xs-1 vce-col--xs-last vce-col--xs-first vce-col--sm-last vce-col--sm-first vce-col--md-last vce-col--lg-last vce-col--xl-last\" id=\"el-b9b4a32c\"><div class=\"vce-col-inner\" data-vce-do-apply=\"border margin background  el-b9b4a32c\"><div class=\"vce-col-content\" data-vce-element-content=\"true\" data-vce-do-apply=\"padding el-b9b4a32c\"><section class=\"vce-hero-section-container vce-hero-section-media--xs\"><div class=\"vce vce-hero-section\" id=\"el-b8c1cee2\" data-vce-do-apply=\"margin background border  el-b8c1cee2\" data-vce-background-image-all=\"https:\/\/citt-espacio.madrimasd.org\/wp-content\/uploads\/2023\/12\/comite.png\" data-vce-background-image=\"all\" data-vce-lozad=\"true\"><div class=\"vce-hero-section--wrap-row\"><div class=\"vce-hero-section--wrap\"><div class=\"vce-hero-section--content\" data-vce-do-apply=\"padding el-b8c1cee2\"><div class=\"vce-hero-section--content-container\"><h1 style=\"color: #fff; text-align: center;\"><span style=\"font-size: 24pt; letter-spacing: inherit;\">Comit\u00e9 ejecutivo<\/span><\/h1><\/div><div class=\"vce-button--style-basic-container vce-button--style-basic-container--align-center\"><span class=\"vce-button--style-basic-wrapper vce\" id=\"el-71e57a1d\" data-vce-do-apply=\"margin el-71e57a1d\"><button class=\"vce-button vce-button--style-basic vce-button--style-basic--border-square vce-button--style-basic--size-medium vce-button--style-basic--color-b-255-255-255--b-62-61-61\" data-vce-do-apply=\"padding border background  el-71e57a1d\">Con\u00f3cenos<\/button><\/span><\/div><\/div><\/div><\/div><\/div><\/section><\/div><\/div><\/div><\/div><\/div><\/div>\n","protected":false},"excerpt":{"rendered":"<p>Estructura de gesti\u00f3n del Cl\u00fasterDirectoresCon\u00f3cenosOficina t\u00e9cnicaCon\u00f3cenosComit\u00e9 ejecutivoCon\u00f3cenos<\/p>\n","protected":false},"author":3,"featured_media":0,"parent":0,"menu_order":0,"comment_status":"closed","ping_status":"closed","template":"","meta":{"pmpro_default_level":0,"passster_activate_protection":false,"passster_protect_child_pages":"","passster_protection_type":"password","passster_password":"","passster_activate_overwrite_defaults":"","passster_headline":"","passster_instruction":"","passster_placeholder":"","passster_button":"","passster_id":"","passster_activate_misc_settings":"","passster_redirect_url":"","passster_hide":"no","passster_area_shortcode":"","_mc_calendar":[],"footnotes":""},"class_list":["post-906","page","type-page","status-publish","hentry","pmpro-has-access"],"blocksy_meta":"","acf":[],"_links":{"self":[{"href":"https:\/\/citt-espacio.madrimasd.org\/index.php\/wp-json\/wp\/v2\/pages\/906","targetHints":{"allow":["GET"]}}],"collection":[{"href":"https:\/\/citt-espacio.madrimasd.org\/index.php\/wp-json\/wp\/v2\/pages"}],"about":[{"href":"https:\/\/citt-espacio.madrimasd.org\/index.php\/wp-json\/wp\/v2\/types\/page"}],"author":[{"embeddable":true,"href":"https:\/\/citt-espacio.madrimasd.org\/index.php\/wp-json\/wp\/v2\/users\/3"}],"replies":[{"embeddable":true,"href":"https:\/\/citt-espacio.madrimasd.org\/index.php\/wp-json\/wp\/v2\/comments?post=906"}],"version-history":[{"count":9,"href":"https:\/\/citt-espacio.madrimasd.org\/index.php\/wp-json\/wp\/v2\/pages\/906\/revisions"}],"predecessor-version":[{"id":968,"href":"https:\/\/citt-espacio.madrimasd.org\/index.php\/wp-json\/wp\/v2\/pages\/906\/revisions\/968"}],"wp:attachment":[{"href":"https:\/\/citt-espacio.madrimasd.org\/index.php\/wp-json\/wp\/v2\/media?parent=906"}],"curies":[{"name":"wp","href":"https:\/\/api.w.org\/{rel}","templated":true}]}}