{"id":8,"date":"2023-06-15T10:54:02","date_gmt":"2023-06-15T10:54:02","guid":{"rendered":"http:\/\/citt-humanidadesdigitales.madrimasd.org\/?page_id=8"},"modified":"2023-12-12T10:08:50","modified_gmt":"2023-12-12T10:08:50","slug":"actividades","status":"publish","type":"page","link":"https:\/\/citt-espacio.madrimasd.org\/index.php\/actividades\/","title":{"rendered":"Actividades"},"content":{"rendered":"<div class=\"vce-row-container\" data-vce-boxed-width=\"true\"><div class=\"vce-row vce-row--col-gap-30 vce-row-equal-height vce-row-content--top\" id=\"el-4fd89d5a\" data-vce-do-apply=\"all el-4fd89d5a\"><div class=\"vce-row-content\" data-vce-element-content=\"true\"><div class=\"vce-col vce-col--md-auto vce-col--xs-1 vce-col--xs-last vce-col--xs-first vce-col--sm-last vce-col--sm-first vce-col--md-first vce-col--lg-first vce-col--xl-first\" id=\"el-4a41c724\"><div class=\"vce-col-inner\" data-vce-do-apply=\"border margin background  el-4a41c724\"><div class=\"vce-col-content\" data-vce-element-content=\"true\" data-vce-do-apply=\"padding el-4a41c724\"><div class=\"vce-single-image-container vce-single-image--align-left\"><div class=\"vce vce-single-image-wrapper\" id=\"el-9e367034\" data-vce-do-apply=\"all el-9e367034\"><figure><div class=\"vce-single-image-figure-inner\" style=\"width: 580px;\"><div class=\"vce-single-image-inner vce-single-image--absolute\" style=\"width: 100%; padding-bottom: 65.1724%;\"><img loading=\"lazy\" decoding=\"async\" class=\"vce-single-image\"  width=\"580\" height=\"378\" srcset=\"https:\/\/citt-espacio.madrimasd.org\/wp-content\/uploads\/2023\/12\/Capture-320x209.png 320w, https:\/\/citt-espacio.madrimasd.org\/wp-content\/uploads\/2023\/12\/Capture-480x313.png 480w, https:\/\/citt-espacio.madrimasd.org\/wp-content\/uploads\/2023\/12\/Capture-580x378.png 580w\" src=\"https:\/\/citt-espacio.madrimasd.org\/wp-content\/uploads\/2023\/12\/Capture-580x378.png\" data-img-src=\"https:\/\/citt-espacio.madrimasd.org\/wp-content\/uploads\/2023\/12\/Capture.png\" data-attachment-id=\"871\"  alt=\"\" title=\"Capture\" \/><\/div><\/div><figcaption hidden=\"\"><\/figcaption><\/figure><\/div><\/div><\/div><\/div><\/div><div class=\"vce-col vce-col--md-auto vce-col--xs-1 vce-col--xs-last vce-col--xs-first vce-col--sm-last vce-col--sm-first\" id=\"el-409dbf9d\"><div class=\"vce-col-inner\" data-vce-do-apply=\"border margin background  el-409dbf9d\"><div class=\"vce-col-content\" data-vce-element-content=\"true\" data-vce-do-apply=\"padding el-409dbf9d\"><div class=\"vce-single-image-container vce-single-image--align-left\"><div class=\"vce vce-single-image-wrapper\" id=\"el-c9120503\" data-vce-do-apply=\"all el-c9120503\"><figure><div class=\"vce-single-image-figure-inner\" style=\"width: 582px;\"><div class=\"vce-single-image-inner vce-single-image--absolute\" style=\"width: 100%; padding-bottom: 58.2474%;\"><img loading=\"lazy\" decoding=\"async\" class=\"vce-single-image\"  width=\"582\" height=\"339\" srcset=\"https:\/\/citt-espacio.madrimasd.org\/wp-content\/uploads\/2023\/12\/evento-320x186.png 320w, https:\/\/citt-espacio.madrimasd.org\/wp-content\/uploads\/2023\/12\/evento-480x280.png 480w, https:\/\/citt-espacio.madrimasd.org\/wp-content\/uploads\/2023\/12\/evento-582x339.png 582w\" src=\"https:\/\/citt-espacio.madrimasd.org\/wp-content\/uploads\/2023\/12\/evento-582x339.png\" data-img-src=\"https:\/\/citt-espacio.madrimasd.org\/wp-content\/uploads\/2023\/12\/evento.png\" data-attachment-id=\"873\"  alt=\"\" title=\"evento\" \/><\/div><\/div><figcaption hidden=\"\"><\/figcaption><\/figure><\/div><\/div><\/div><\/div><\/div><div class=\"vce-col vce-col--md-auto vce-col--xs-1 vce-col--xs-last vce-col--xs-first vce-col--sm-last vce-col--sm-first vce-col--md-last vce-col--lg-last vce-col--xl-last\" id=\"el-f2a5a54f\"><div class=\"vce-col-inner\" data-vce-do-apply=\"border margin background  el-f2a5a54f\"><div class=\"vce-col-content\" data-vce-element-content=\"true\" data-vce-do-apply=\"padding el-f2a5a54f\"><div class=\"vce-single-image-container vce-single-image--align-left\"><div class=\"vce vce-single-image-wrapper\" id=\"el-6c7754f5\" data-vce-do-apply=\"all el-6c7754f5\"><figure><div class=\"vce-single-image-figure-inner\" style=\"width: 840px;\"><div class=\"vce-single-image-inner vce-single-image--absolute\" style=\"width: 100%; padding-bottom: 47.5%;\"><img loading=\"lazy\" decoding=\"async\" class=\"vce-single-image\"  width=\"840\" height=\"399\" srcset=\"https:\/\/citt-espacio.madrimasd.org\/wp-content\/uploads\/2023\/12\/linkedln-320x152.png 320w, https:\/\/citt-espacio.madrimasd.org\/wp-content\/uploads\/2023\/12\/linkedln-480x228.png 480w, https:\/\/citt-espacio.madrimasd.org\/wp-content\/uploads\/2023\/12\/linkedln-800x380.png 800w, https:\/\/citt-espacio.madrimasd.org\/wp-content\/uploads\/2023\/12\/linkedln-840x399.png 840w\" src=\"https:\/\/citt-espacio.madrimasd.org\/wp-content\/uploads\/2023\/12\/linkedln-840x399.png\" data-img-src=\"https:\/\/citt-espacio.madrimasd.org\/wp-content\/uploads\/2023\/12\/linkedln.png\" data-attachment-id=\"874\"  alt=\"\" title=\"linkedln\" \/><\/div><\/div><figcaption hidden=\"\"><\/figcaption><\/figure><\/div><\/div><\/div><\/div><\/div><\/div><\/div><\/div><div class=\"vce-row-container\" data-vce-boxed-width=\"true\"><div class=\"vce-row vce-row--col-gap-30 vce-row-equal-height vce-row-content--top\" id=\"el-25f402e2\" data-vce-do-apply=\"all el-25f402e2\"><div class=\"vce-row-content\" data-vce-element-content=\"true\"><div class=\"vce-col vce-col--md-33p vce-col--xs-1 vce-col--xs-last vce-col--xs-first vce-col--sm-last vce-col--sm-first vce-col--md-first vce-col--lg-first vce-col--xl-first\" id=\"el-6787c429\"><div class=\"vce-col-inner\" data-vce-do-apply=\"border margin background  el-6787c429\"><div class=\"vce-col-content\" data-vce-element-content=\"true\" data-vce-do-apply=\"padding el-6787c429\"><div class=\"vce-text-block\"><div class=\"vce-text-block-wrapper vce\" id=\"el-51d39590\" data-vce-do-apply=\"all el-51d39590\"><h2 style=\"text-align: left;\"><span style=\"font-size: 16pt;\">An\u00e1lisis sectoriales<\/span><\/h2><br><p style=\"text-align: justify;\">Realizaci\u00f3n de an\u00e1lisis sectoriales exhaustivos del campo aeroespacial, identificando tendencias, oportunidades y desaf\u00edos clave en esta industria en constante evoluci\u00f3n.<\/p><\/div><\/div><\/div><\/div><\/div><div class=\"vce-col vce-col--md-33p vce-col--xs-1 vce-col--xs-last vce-col--xs-first vce-col--sm-last vce-col--sm-first\" id=\"el-95d48405\"><div class=\"vce-col-inner\" data-vce-do-apply=\"border margin background  el-95d48405\"><div class=\"vce-col-content\" data-vce-element-content=\"true\" data-vce-do-apply=\"padding el-95d48405\"><div class=\"vce-text-block\"><div class=\"vce-text-block-wrapper vce\" id=\"el-7b8c9ee5\" data-vce-do-apply=\"all el-7b8c9ee5\"><h2><span style=\"font-size: 16pt;\">Eventos<\/span><\/h2><br><p style=\"text-align: justify;\">Participaci\u00f3n en eventos destacados del sector aeroespacial, promoviendo la visibilidad del Cl\u00faster y sus miembros.<\/p><\/div><\/div><\/div><\/div><\/div><div class=\"vce-col vce-col--md-34p vce-col--xs-1 vce-col--xs-last vce-col--xs-first vce-col--sm-last vce-col--sm-first vce-col--md-last vce-col--lg-last vce-col--xl-last\" id=\"el-77ee26e2\"><div class=\"vce-col-inner\" data-vce-do-apply=\"border margin background  el-77ee26e2\"><div class=\"vce-col-content\" data-vce-element-content=\"true\" data-vce-do-apply=\"padding el-77ee26e2\"><div class=\"vce-text-block\"><div class=\"vce-text-block-wrapper vce\" id=\"el-7af2216a\" data-vce-do-apply=\"all el-7af2216a\"><h2><span style=\"font-size: 16pt;\">Comunicaci\u00f3n<\/span><\/h2><br><p style=\"text-align: justify;\">Realizaci\u00f3n de una estrategia de comunicaci\u00f3n multicanal basada en canales propios (LinkedIn) y canales externos (RRSS de la Fundaci\u00f3n Madrimasd) con el objetivo de alcanzar la mayor audiencia posible.<\/p><\/div><\/div><\/div><\/div><\/div><\/div><\/div><\/div><div class=\"vce-row-container\" data-vce-boxed-width=\"true\"><div class=\"vce-row vce-row--col-gap-30 vce-row-equal-height vce-row-content--top\" id=\"el-da76b4c2\" data-vce-do-apply=\"all el-da76b4c2\"><div class=\"vce-row-content\" data-vce-element-content=\"true\"><div class=\"vce-col vce-col--md-33p vce-col--xs-1 vce-col--xs-last vce-col--xs-first vce-col--sm-last vce-col--sm-first vce-col--md-first vce-col--lg-first vce-col--xl-first\" id=\"el-2cde185a\"><div class=\"vce-col-inner\" data-vce-do-apply=\"border margin background  el-2cde185a\"><div class=\"vce-col-content\" data-vce-element-content=\"true\" data-vce-do-apply=\"padding el-2cde185a\"><div class=\"vce-single-image-container vce-single-image--align-left\"><div class=\"vce vce-single-image-wrapper\" id=\"el-a6abc2ce\" data-vce-do-apply=\"all el-a6abc2ce\"><figure><div class=\"vce-single-image-figure-inner\" style=\"width: 1008px;\"><div class=\"vce-single-image-inner vce-single-image--absolute\" style=\"width: 100%; padding-bottom: 48.8095%;\"><img loading=\"lazy\" decoding=\"async\" class=\"vce-single-image\"  width=\"1008\" height=\"492\" srcset=\"https:\/\/citt-espacio.madrimasd.org\/wp-content\/uploads\/2023\/12\/perte-320x156.png 320w, https:\/\/citt-espacio.madrimasd.org\/wp-content\/uploads\/2023\/12\/perte-480x234.png 480w, https:\/\/citt-espacio.madrimasd.org\/wp-content\/uploads\/2023\/12\/perte-800x390.png 800w, https:\/\/citt-espacio.madrimasd.org\/wp-content\/uploads\/2023\/12\/perte-1008x492.png 1008w\" src=\"https:\/\/citt-espacio.madrimasd.org\/wp-content\/uploads\/2023\/12\/perte-1008x492.png\" data-img-src=\"https:\/\/citt-espacio.madrimasd.org\/wp-content\/uploads\/2023\/12\/perte.png\" data-attachment-id=\"876\"  alt=\"\" title=\"perte\" \/><\/div><\/div><figcaption hidden=\"\"><\/figcaption><\/figure><\/div><\/div><\/div><\/div><\/div><div class=\"vce-col vce-col--md-33p vce-col--xs-1 vce-col--xs-last vce-col--xs-first vce-col--sm-last vce-col--sm-first\" id=\"el-a8761534\"><div class=\"vce-col-inner\" data-vce-do-apply=\"border margin background  el-a8761534\"><div class=\"vce-col-content\" data-vce-element-content=\"true\" data-vce-do-apply=\"padding el-a8761534\"><div class=\"vce-single-image-container vce-single-image--align-left\"><div class=\"vce vce-single-image-wrapper\" id=\"el-b3f10ffe\" data-vce-do-apply=\"all el-b3f10ffe\"><figure><div class=\"vce-single-image-figure-inner\" style=\"width: 577px;\"><div class=\"vce-single-image-inner vce-single-image--absolute\" style=\"width: 100%; padding-bottom: 62.2184%;\"><img loading=\"lazy\" decoding=\"async\" class=\"vce-single-image\"  width=\"577\" height=\"359\" srcset=\"https:\/\/citt-espacio.madrimasd.org\/wp-content\/uploads\/2023\/12\/books-320x199.png 320w, https:\/\/citt-espacio.madrimasd.org\/wp-content\/uploads\/2023\/12\/books-480x299.png 480w, https:\/\/citt-espacio.madrimasd.org\/wp-content\/uploads\/2023\/12\/books-577x359.png 577w\" src=\"https:\/\/citt-espacio.madrimasd.org\/wp-content\/uploads\/2023\/12\/books-577x359.png\" data-img-src=\"https:\/\/citt-espacio.madrimasd.org\/wp-content\/uploads\/2023\/12\/books.png\" data-attachment-id=\"878\"  alt=\"\" title=\"books\" \/><\/div><\/div><figcaption hidden=\"\"><\/figcaption><\/figure><\/div><\/div><\/div><\/div><\/div><div class=\"vce-col vce-col--md-auto vce-col--xs-1 vce-col--xs-last vce-col--xs-first vce-col--sm-last vce-col--sm-first vce-col--md-last vce-col--lg-last vce-col--xl-last\" id=\"el-8b7093be\"><div class=\"vce-col-inner\" data-vce-do-apply=\"border margin background  el-8b7093be\"><div class=\"vce-col-content\" data-vce-element-content=\"true\" data-vce-do-apply=\"padding el-8b7093be\"><div class=\"vce-single-image-container vce-single-image--align-left\"><div class=\"vce vce-single-image-wrapper\" id=\"el-4b5cbb9a\" data-vce-do-apply=\"all el-4b5cbb9a\"><figure><div class=\"vce-single-image-figure-inner\" style=\"width: 574px;\"><div class=\"vce-single-image-inner vce-single-image--absolute\" style=\"width: 100%; padding-bottom: 59.2334%;\"><img loading=\"lazy\" decoding=\"async\" class=\"vce-single-image\"  width=\"574\" height=\"340\" srcset=\"https:\/\/citt-espacio.madrimasd.org\/wp-content\/uploads\/2023\/12\/empleo-320x190.png 320w, https:\/\/citt-espacio.madrimasd.org\/wp-content\/uploads\/2023\/12\/empleo-480x284.png 480w, https:\/\/citt-espacio.madrimasd.org\/wp-content\/uploads\/2023\/12\/empleo-574x340.png 574w\" src=\"https:\/\/citt-espacio.madrimasd.org\/wp-content\/uploads\/2023\/12\/empleo-574x340.png\" data-img-src=\"https:\/\/citt-espacio.madrimasd.org\/wp-content\/uploads\/2023\/12\/empleo.png\" data-attachment-id=\"879\"  alt=\"\" title=\"empleo\" \/><\/div><\/div><figcaption hidden=\"\"><\/figcaption><\/figure><\/div><\/div><\/div><\/div><\/div><\/div><\/div><\/div><div class=\"vce-row-container\" data-vce-boxed-width=\"true\"><div class=\"vce-row vce-row--col-gap-30 vce-row-equal-height vce-row-content--top\" id=\"el-7b4e1256\" data-vce-do-apply=\"all el-7b4e1256\"><div class=\"vce-row-content\" data-vce-element-content=\"true\"><div class=\"vce-col vce-col--md-auto vce-col--xs-1 vce-col--xs-last vce-col--xs-first vce-col--sm-last vce-col--sm-first vce-col--md-last vce-col--lg-last vce-col--xl-last vce-col--md-first vce-col--lg-first vce-col--xl-first\" id=\"el-0262c3e7\"><div class=\"vce-col-inner\" data-vce-do-apply=\"border margin background  el-0262c3e7\"><div class=\"vce-col-content\" data-vce-element-content=\"true\" data-vce-do-apply=\"padding el-0262c3e7\"><div class=\"vce-row-container\" data-vce-boxed-width=\"true\"><div class=\"vce-row vce-row--col-gap-30 vce-row-equal-height vce-row-content--top\" id=\"el-eff8d83c\" data-vce-do-apply=\"all el-eff8d83c\"><div class=\"vce-row-content\" data-vce-element-content=\"true\"><div class=\"vce-col vce-col--md-33p vce-col--xs-1 vce-col--xs-last vce-col--xs-first vce-col--sm-last vce-col--sm-first vce-col--md-first vce-col--lg-first vce-col--xl-first\" id=\"el-8219943f\"><div class=\"vce-col-inner\" data-vce-do-apply=\"border margin background  el-8219943f\"><div class=\"vce-col-content\" data-vce-element-content=\"true\" data-vce-do-apply=\"padding el-8219943f\"><div class=\"vce-text-block\"><div class=\"vce-text-block-wrapper vce\" id=\"el-40edf6d1\" data-vce-do-apply=\"all el-40edf6d1\"><h2 style=\"text-align: justify;\"><span style=\"font-size: 16pt;\">PERTE Aeroespacial<\/span><\/h2><br><p style=\"text-align: justify;\">Impulso en la participaci\u00f3n en el PERTE o cualquier otro programa Nacional, Europeo o Internacional que permita atraer recursos e inversiones a la Comunidad de Madrid.<\/p><\/div><\/div><\/div><\/div><\/div><div class=\"vce-col vce-col--md-33p vce-col--xs-1 vce-col--xs-last vce-col--xs-first vce-col--sm-last vce-col--sm-first\" id=\"el-93ddea1b\"><div class=\"vce-col-inner\" data-vce-do-apply=\"border margin background  el-93ddea1b\"><div class=\"vce-col-content\" data-vce-element-content=\"true\" data-vce-do-apply=\"padding el-93ddea1b\"><div class=\"vce-text-block\"><div class=\"vce-text-block-wrapper vce\" id=\"el-cf2f5a09\" data-vce-do-apply=\"all el-cf2f5a09\"><h2><span style=\"font-size: 16pt;\">Formaci\u00f3n<\/span><\/h2><br><p style=\"text-align: justify;\">Creaci\u00f3n de cursos y programas educativos dise\u00f1ados para cultivar las habilidades y conocimientos que las empresas buscan en los j\u00f3venes.<\/p><\/div><\/div><\/div><\/div><\/div><div class=\"vce-col vce-col--md-34p vce-col--xs-1 vce-col--xs-last vce-col--xs-first vce-col--sm-last vce-col--sm-first vce-col--md-last vce-col--lg-last vce-col--xl-last\" id=\"el-fb4b4077\"><div class=\"vce-col-inner\" data-vce-do-apply=\"border margin background  el-fb4b4077\"><div class=\"vce-col-content\" data-vce-element-content=\"true\" data-vce-do-apply=\"padding el-fb4b4077\"><div class=\"vce-text-block\"><div class=\"vce-text-block-wrapper vce\" id=\"el-f9264259\" data-vce-do-apply=\"all el-f9264259\"><h2><span style=\"font-size: 16pt;\">Empleo<\/span><\/h2><br><p style=\"text-align: justify;\">Creaci\u00f3n de una bolsa de empleo conjunta de todos los participantes en el Cl\u00faster.<\/p><\/div><\/div><\/div><\/div><\/div><\/div><\/div><\/div><\/div><\/div><\/div><\/div><\/div><\/div>\n","protected":false},"excerpt":{"rendered":"<p>An\u00e1lisis sectorialesRealizaci\u00f3n de an\u00e1lisis sectoriales exhaustivos del campo aeroespacial, identificando tendencias, oportunidades y desaf\u00edos clave en esta industria en constante evoluci\u00f3n.EventosParticipaci\u00f3n en eventos destacados del sector aeroespacial, promoviendo la visibilidad del Cl\u00faster y sus miembros.Comunicaci\u00f3nRealizaci\u00f3n de una estrategia de comunicaci\u00f3n multicanal basada en canales propios (LinkedIn) y canales externos (RRSS de la Fundaci\u00f3n Madrimasd) con el objetivo de alcanzar la mayor audiencia posible.PERTE AeroespacialImpulso en la participaci\u00f3n en el PERTE o cualquier otro programa Nacional, Europeo o Internacional que permita atraer recursos e inversiones a la Comunidad de Madrid.Formaci\u00f3nCreaci\u00f3n de cursos y programas educativos dise\u00f1ados para cultivar las habilidades y\u2026<\/p>\n","protected":false},"author":3,"featured_media":0,"parent":0,"menu_order":0,"comment_status":"closed","ping_status":"closed","template":"","meta":{"pmpro_default_level":0,"passster_activate_protection":false,"passster_protect_child_pages":"","passster_protection_type":"password","passster_password":"","passster_activate_overwrite_defaults":"","passster_headline":"","passster_instruction":"","passster_placeholder":"","passster_button":"","passster_id":"","passster_activate_misc_settings":"","passster_redirect_url":"","passster_hide":"no","passster_area_shortcode":"","_mc_calendar":[],"footnotes":""},"class_list":["post-8","page","type-page","status-publish","hentry","pmpro-has-access"],"blocksy_meta":"","acf":[],"_links":{"self":[{"href":"https:\/\/citt-espacio.madrimasd.org\/index.php\/wp-json\/wp\/v2\/pages\/8","targetHints":{"allow":["GET"]}}],"collection":[{"href":"https:\/\/citt-espacio.madrimasd.org\/index.php\/wp-json\/wp\/v2\/pages"}],"about":[{"href":"https:\/\/citt-espacio.madrimasd.org\/index.php\/wp-json\/wp\/v2\/types\/page"}],"author":[{"embeddable":true,"href":"https:\/\/citt-espacio.madrimasd.org\/index.php\/wp-json\/wp\/v2\/users\/3"}],"replies":[{"embeddable":true,"href":"https:\/\/citt-espacio.madrimasd.org\/index.php\/wp-json\/wp\/v2\/comments?post=8"}],"version-history":[{"count":17,"href":"https:\/\/citt-espacio.madrimasd.org\/index.php\/wp-json\/wp\/v2\/pages\/8\/revisions"}],"predecessor-version":[{"id":954,"href":"https:\/\/citt-espacio.madrimasd.org\/index.php\/wp-json\/wp\/v2\/pages\/8\/revisions\/954"}],"wp:attachment":[{"href":"https:\/\/citt-espacio.madrimasd.org\/index.php\/wp-json\/wp\/v2\/media?parent=8"}],"curies":[{"name":"wp","href":"https:\/\/api.w.org\/{rel}","templated":true}]}}