{"id":5,"date":"2023-06-15T10:53:51","date_gmt":"2023-06-15T10:53:51","guid":{"rendered":"http:\/\/citt-humanidadesdigitales.madrimasd.org\/?page_id=5"},"modified":"2026-04-28T18:41:01","modified_gmt":"2026-04-28T16:41:01","slug":"home","status":"publish","type":"page","link":"https:\/\/citt-espacio.madrimasd.org\/","title":{"rendered":""},"content":{"rendered":"<div class=\"vce-row-container\" id=\"container\" data-vce-boxed-width=\"true\"><div class=\"vce-row vce-row--col-gap-30 vce-row-equal-height vce-row-content--top\" id=\"el-c5d215e9\" data-vce-do-apply=\"all el-c5d215e9\"><div class=\"vce-content-background-container\"><\/div><div class=\"vce-row-content\" data-vce-element-content=\"true\"><div class=\"vce-col vce-col--md-auto vce-col--xs-1 vce-col--xs-last vce-col--xs-first vce-col--sm-last vce-col--sm-first vce-col--md-last vce-col--lg-last vce-col--xl-last vce-col--md-first vce-col--lg-first vce-col--xl-first\" id=\"el-866e9774\"><div class=\"vce-col-inner\" data-vce-do-apply=\"border margin background  el-866e9774\"><div class=\"vce-col-content\" data-vce-element-content=\"true\" data-vce-do-apply=\"padding el-866e9774\"><div class=\"vce-simple-image-slider\" style=\"--backgroundPosition: center top; --pointerColor: rgb(218, 218, 218); --pointerColorHover: rgb(184, 46, 36); --arrowColor: rgb(245, 112, 109); --arrowColorHover: rgba(246, 4, 4, 0.69);\"><div class=\"vce-simple-image-slider-wrapper vce\" id=\"el-e81bf337\" data-vce-do-apply=\"all el-e81bf337\"><div class=\"vce-simple-image-slider-helper vce-simple-image-slider-aspect-ratio--custom\" style=\"padding-top: 25%;\"><div class=\"vce-simple-image-slider-list\" data-slick-autoplay=\"on\" data-slick-autoplay-delay=\"3000\" data-slick-effect=\"slideIn\" data-slick-dots=\"off\" data-slick-arrows=\"on\"><div class=\"slick-list\"><div class=\"vce-simple-image-slider-arrow vce-simple-image-slider-prev-arrow\"><svg width=\"16px\" height=\"25px\" viewBox=\"0 0 16 25\"><polygon id=\"Prev-Arrow\" points=\"12.3743687 5.68434189e-14 0 12.3743687 12.0208153 24.395184 14.1421356 22.2738636 4.31790889 12.4496369 14.5709572 2.19658855\"><\/polygon><\/svg><\/div><div class=\"slick-track\"><div class=\"vce-simple-image-slider-item vc-slick-item\"><a href=\"https:\/\/citt-espacio.madrimasd.org\/wp-content\/uploads\/2024\/02\/Lisa-y-Athena-ESA-Mission_.pdf\" title=\"\" target=\"_blank\" style=\"background-image:url(https:\/\/citt-espacio.madrimasd.org\/wp-content\/uploads\/2024\/02\/Encabezado-Space-6.png)\" class=\"vce-simple-image-slider-img vce-simple-image-slider-img--scale\"><img decoding=\"async\" class=\"\" src=\"https:\/\/citt-espacio.madrimasd.org\/wp-content\/uploads\/2024\/02\/Encabezado-Space-6.png\" style=\"opacity:0\" alt=\"\"><\/a><\/div><div class=\"vce-simple-image-slider-item vc-slick-item\"><div style=\"background-image:url(https:\/\/citt-espacio.madrimasd.org\/wp-content\/uploads\/2024\/01\/Encabezado-Space-1.png)\" class=\"vce-simple-image-slider-img vce-simple-image-slider-img--scale\"><img decoding=\"async\" class=\"\" src=\"https:\/\/citt-espacio.madrimasd.org\/wp-content\/uploads\/2024\/01\/Encabezado-Space-1.png\" style=\"opacity:0\" alt=\"\"><\/div><\/div><\/div><div class=\"vce-simple-image-slider-arrow vce-simple-image-slider-next-arrow\"><svg width=\"16px\" height=\"25px\" viewBox=\"0 0 16 25\"><polygon id=\"Next-Arrow\" points=\"3.02081528 24.395184 15.395184 12.0208153 3.37436867 1.13686838e-13 1.25304833 2.12132034 11.0772751 11.9455471 0.824226734 22.1985954\"><\/polygon><\/svg><\/div><\/div><\/div><div class=\"vce-simple-image-slider-dots\"><\/div><\/div><\/div><\/div><section class=\"vce-feature-section-container vce-feature-section-media--xs\"><div class=\"vce vce-feature-section vce-feature-section--min-height\" id=\"el-3434a399\" data-vce-do-apply=\"margin border animation backgroundColor el-3434a399\"><div class=\"vce-feature-section-image vce-feature-section-image--alignment-left\" data-vce-background-image-all=\"https:\/\/citt-espacio.madrimasd.org\/wp-content\/uploads\/2026\/01\/unnamed.jpg\" data-vce-background-image=\"all\" data-vce-lozad=\"true\" data-vce-do-apply=\"backgroundImage el-3434a399\"><\/div><div class=\"vce-feature-section-content\"><div class=\"vce-feature-section-content-container\" data-vce-do-apply=\"padding el-3434a399\"><div class=\"vce-feature-section-description\"><h1 style=\"color: #fff;\">Madrid, talento e innovaci\u00f3n para el espacio<\/h1>\n<p>&nbsp;<\/p><\/div><div class=\"vce-button--style-outline-container vce-button--style-outline-container--align-left\"><span class=\"vce-button--style-outline-wrapper vce\" id=\"el-e2d26730\" data-vce-do-apply=\"margin el-e2d26730\"><a class=\"vce-button vce-button--style-outline-animated vce-button--style-outline--border-rounded vce-button--style-outline--size-medium vce-button--style-outline-animated--color-e3e3e3--fff--3d3d3d vce-button--style-outline-animated--border-color-e3e3e3--3d3d3d vce-button--style-outline-animated--background-color-3d3d3d\" href=\"https:\/\/citt-espacio.madrimasd.org\/index.php\/noticias\/\" title=\"\" data-vce-do-apply=\"padding border background  el-e2d26730\"><span class=\"vce-button--style-outline-text\">\u00bfQuieres conocer las \u00faltimas noticias del CITT y del sector?<\/span><\/a><\/span><\/div><\/div><\/div><\/div><\/section><div class=\"vce-row-container\" data-vce-boxed-width=\"true\"><div class=\"vce-row vce-row--col-gap-30 vce-row-equal-height vce-row-content--top\" id=\"el-8d960077\" data-vce-do-apply=\"all el-8d960077\"><div class=\"vce-row-content\" data-vce-element-content=\"true\"><div class=\"vce-col vce-col--md-auto vce-col--xs-1 vce-col--xs-last vce-col--xs-first vce-col--sm-last vce-col--sm-first vce-col--md-last vce-col--lg-last vce-col--xl-last vce-col--md-first vce-col--lg-first vce-col--xl-first\" id=\"el-28282c50\"><div class=\"vce-col-inner\" data-vce-do-apply=\"border margin background  el-28282c50\"><div class=\"vce-col-content\" data-vce-element-content=\"true\" data-vce-do-apply=\"padding el-28282c50\"><div><\/div><\/div><\/div><\/div><\/div><\/div><\/div><div class=\"vce-text-block\"><div class=\"vce-text-block-wrapper vce\" id=\"el-27f39398\" data-vce-do-apply=\"all el-27f39398\"><p style=\"text-align: justify;\"><strong>El Cl\u00faster de Innovaci\u00f3n Tecnol\u00f3gica y Talento en Tecnolog\u00edas del Espacio de la Comunidad de Madrid<\/strong> (CITT Tecnolog\u00edas del Espacio), constituido en el seno de la Fundaci\u00f3n para el Conocimiento madri+d, es una plataforma que re\u00fane a la comunidad de agentes interesados en las \u00e1reas de trabajo, investigaci\u00f3n e innovaci\u00f3n relacionadas con las actividades del sector espacial.<\/p><\/div><\/div><\/div><\/div><\/div><\/div><\/div><\/div><div class=\"vce-row-container\" data-vce-boxed-width=\"true\"><div class=\"vce-row vce-row--col-gap-30 vce-row-equal-height vce-row-content--top\" id=\"el-66a4a87b\" data-vce-do-apply=\"all el-66a4a87b\"><div class=\"vce-content-background-container\"><\/div><div class=\"vce-row-content\" data-vce-element-content=\"true\"><div class=\"vce-col vce-col--md-23p vce-col--xs-1 vce-col--xs-last vce-col--xs-first vce-col--sm-last vce-col--sm-first vce-col--md-first vce-col--lg-first vce-col--xl-first\" id=\"el-d69e13a9\"><div class=\"vce-col-inner\" data-vce-do-apply=\"border margin background  el-d69e13a9\"><div class=\"vce-col-content\" data-vce-element-content=\"true\" data-vce-do-apply=\"padding el-d69e13a9\"><div class=\"vce-single-image-container vce-single-image--align-left\"><div class=\"vce vce-single-image-wrapper\" id=\"el-a023ada8\" data-vce-do-apply=\"all el-a023ada8\"><figure><div class=\"vce-single-image-figure-inner\" style=\"width: 1024px;\"><div class=\"vce-single-image-inner vce-single-image--absolute\" style=\"width: 100%; padding-bottom: 32.4219%;\"><img loading=\"lazy\" decoding=\"async\" class=\"vce-single-image\"  width=\"1024\" height=\"332\" srcset=\"https:\/\/citt-espacio.madrimasd.org\/wp-content\/uploads\/2026\/04\/Logo_Fundacion-OK-320x104.png 320w\" src=\"https:\/\/citt-espacio.madrimasd.org\/wp-content\/uploads\/2023\/07\/Logo_Fundacion-OK.png\" data-img-src=\"https:\/\/citt-espacio.madrimasd.org\/wp-content\/uploads\/2023\/07\/Logo_Fundacion-OK.png\" data-attachment-id=\"538\"  alt=\"\" title=\"Logo_Fundacion-OK\" \/><\/div><\/div><figcaption hidden=\"\"><\/figcaption><\/figure><\/div><\/div><\/div><\/div><\/div><div class=\"vce-col vce-col--md-44p vce-col--xs-1 vce-col--xs-last vce-col--xs-first vce-col--sm-last vce-col--sm-first\" id=\"el-76a9ecc7\"><div class=\"vce-col-inner\" data-vce-do-apply=\"border margin background  el-76a9ecc7\"><div class=\"vce-col-content\" data-vce-element-content=\"true\" data-vce-do-apply=\"padding el-76a9ecc7\"><div class=\"vce-text-block\"><div class=\"vce-text-block-wrapper vce\" id=\"el-230e41de\" data-vce-do-apply=\"all el-230e41de\"><p style=\"text-align: center;\"><strong><span style=\"font-size: 18pt;\">\u00a1Ya somos parte de la Red Espa\u00f1ola de Centros I+D+I!<\/span><\/strong><\/p><\/div><\/div><\/div><\/div><\/div><div class=\"vce-col vce-col--md-auto vce-col--xs-1 vce-col--xs-last vce-col--xs-first vce-col--sm-last vce-col--sm-first vce-col--md-last vce-col--lg-last vce-col--xl-last\" id=\"el-b2a366fa\"><div class=\"vce-col-inner\" data-vce-do-apply=\"border margin background  el-b2a366fa\"><div class=\"vce-col-content\" data-vce-element-content=\"true\" data-vce-do-apply=\"padding el-b2a366fa\"><div class=\"vce-text-block\"><div class=\"vce-text-block-wrapper vce\" id=\"el-6d1ee0a6\" data-vce-do-apply=\"all el-6d1ee0a6\"><h4 style=\"text-align: center;\">\u00a1Ya somos m\u00e1s de 50 miembros! \u00a1\u00danete!<\/h4><\/div><\/div><\/div><\/div><\/div><\/div><\/div><\/div><div class=\"vce-row-container\" data-vce-boxed-width=\"true\"><div class=\"vce-row vce-row--col-gap-30 vce-row-equal-height vce-row-content--top\" id=\"el-3156f3c9\" data-vce-do-apply=\"all el-3156f3c9\"><div class=\"vce-content-background-container\"><\/div><div class=\"vce-row-content\" data-vce-element-content=\"true\"><div class=\"vce-col vce-col--md-auto vce-col--xs-1 vce-col--xs-last vce-col--xs-first vce-col--sm-last vce-col--sm-first vce-col--md-last vce-col--lg-last vce-col--xl-last vce-col--md-first vce-col--lg-first vce-col--xl-first\" id=\"el-932312cb\"><div class=\"vce-col-inner\" data-vce-do-apply=\"border margin background  el-932312cb\"><div class=\"vce-col-content\" data-vce-element-content=\"true\" data-vce-do-apply=\"padding el-932312cb\"><div class=\"vce-single-image-container vce-single-image--align-left\"><div class=\"vce vce-single-image-wrapper\" id=\"el-50e4c8c7\" data-vce-do-apply=\"all el-50e4c8c7\"><figure><div class=\"vce-single-image-figure-inner\" style=\"width: 404px;\"><div class=\"vce-single-image-inner vce-single-image--absolute\" style=\"width: 100%; padding-bottom: 33.9109%;\"><img loading=\"lazy\" decoding=\"async\" class=\"vce-single-image\"  width=\"404\" height=\"137\" srcset=\"https:\/\/citt-espacio.madrimasd.org\/wp-content\/uploads\/2024\/01\/Picture1-320x109.png 320w, https:\/\/citt-espacio.madrimasd.org\/wp-content\/uploads\/2026\/04\/Picture1-404x137.png 404w\" src=\"https:\/\/citt-espacio.madrimasd.org\/wp-content\/uploads\/2026\/04\/Picture1-404x137.png\" data-img-src=\"https:\/\/citt-espacio.madrimasd.org\/wp-content\/uploads\/2024\/01\/Picture1.png\" data-attachment-id=\"1045\"  alt=\"\" title=\"Picture1\" \/><\/div><\/div><figcaption hidden=\"\"><\/figcaption><\/figure><\/div><\/div><\/div><\/div><\/div><\/div><\/div><\/div><div class=\"vce-row-container\" data-vce-boxed-width=\"true\"><div class=\"vce-row vce-row--col-gap-30 vce-row-equal-height vce-row-content--top\" id=\"el-c2d94128\" data-vce-do-apply=\"all el-c2d94128\"><div class=\"vce-row-content\" data-vce-element-content=\"true\"><div class=\"vce-col vce-col--md-auto vce-col--xs-1 vce-col--xs-last vce-col--xs-first vce-col--sm-last vce-col--sm-first vce-col--md-last vce-col--lg-last vce-col--xl-last vce-col--md-first vce-col--lg-first vce-col--xl-first\" id=\"el-3b4809ec\"><div class=\"vce-col-inner\" data-vce-do-apply=\"border margin background  el-3b4809ec\"><div class=\"vce-col-content\" data-vce-element-content=\"true\" data-vce-do-apply=\"padding el-3b4809ec\"><div><\/div><\/div><\/div><\/div><\/div><\/div><\/div>","protected":false},"excerpt":{"rendered":"<p>Madrid, talento e innovaci\u00f3n para el espacio &nbsp;\u00bfQuieres conocer las \u00faltimas noticias del CITT y del sector?El Cl\u00faster de Innovaci\u00f3n Tecnol\u00f3gica y Talento en Tecnolog\u00edas del Espacio de la Comunidad de Madrid (CITT Tecnolog\u00edas del Espacio), constituido en el seno de la Fundaci\u00f3n para el Conocimiento madri+d, es una plataforma que re\u00fane a la comunidad de agentes interesados en las \u00e1reas de trabajo, investigaci\u00f3n e innovaci\u00f3n relacionadas con las actividades del sector espacial.\u00a1Ya somos parte de la Red Espa\u00f1ola de Centros I+D+I!\u00a1Ya somos m\u00e1s de 50 miembros! \u00a1\u00danete!<\/p>\n","protected":false},"author":3,"featured_media":0,"parent":0,"menu_order":0,"comment_status":"closed","ping_status":"closed","template":"","meta":{"pmpro_default_level":0,"passster_activate_protection":false,"passster_protect_child_pages":"","passster_protection_type":"password","passster_password":"","passster_activate_overwrite_defaults":"","passster_headline":"","passster_instruction":"","passster_placeholder":"","passster_button":"","passster_id":"","passster_activate_misc_settings":"","passster_redirect_url":"","passster_hide":"no","passster_area_shortcode":"","_mc_calendar":[],"footnotes":""},"class_list":["post-5","page","type-page","status-publish","hentry","pmpro-has-access"],"blocksy_meta":"","acf":[],"_links":{"self":[{"href":"https:\/\/citt-espacio.madrimasd.org\/index.php\/wp-json\/wp\/v2\/pages\/5","targetHints":{"allow":["GET"]}}],"collection":[{"href":"https:\/\/citt-espacio.madrimasd.org\/index.php\/wp-json\/wp\/v2\/pages"}],"about":[{"href":"https:\/\/citt-espacio.madrimasd.org\/index.php\/wp-json\/wp\/v2\/types\/page"}],"author":[{"embeddable":true,"href":"https:\/\/citt-espacio.madrimasd.org\/index.php\/wp-json\/wp\/v2\/users\/3"}],"replies":[{"embeddable":true,"href":"https:\/\/citt-espacio.madrimasd.org\/index.php\/wp-json\/wp\/v2\/comments?post=5"}],"version-history":[{"count":72,"href":"https:\/\/citt-espacio.madrimasd.org\/index.php\/wp-json\/wp\/v2\/pages\/5\/revisions"}],"predecessor-version":[{"id":1524,"href":"https:\/\/citt-espacio.madrimasd.org\/index.php\/wp-json\/wp\/v2\/pages\/5\/revisions\/1524"}],"wp:attachment":[{"href":"https:\/\/citt-espacio.madrimasd.org\/index.php\/wp-json\/wp\/v2\/media?parent=5"}],"curies":[{"name":"wp","href":"https:\/\/api.w.org\/{rel}","templated":true}]}}