{"id":17,"date":"2023-06-15T10:58:11","date_gmt":"2023-06-15T10:58:11","guid":{"rendered":"http:\/\/citt-humanidadesdigitales.madrimasd.org\/?page_id=17"},"modified":"2025-12-03T15:09:21","modified_gmt":"2025-12-03T14:09:21","slug":"quienes-somos","status":"publish","type":"page","link":"https:\/\/citt-espacio.madrimasd.org\/index.php\/home\/por-que-unirse-al-cluster\/quienes-somos\/","title":{"rendered":""},"content":{"rendered":"\t\t<div data-elementor-type=\"wp-page\" data-elementor-id=\"17\" class=\"elementor elementor-17\">\n\t\t\t\t\t\t\t<div class=\"elementor-element elementor-element-3196ebf9 e-flex e-con-boxed e-con e-parent\" data-id=\"3196ebf9\" data-element_type=\"container\" data-settings=\"{&quot;content_width&quot;:&quot;boxed&quot;}\" data-core-v316-plus=\"true\">\n\t\t\t\t\t<div class=\"e-con-inner\">\n\t\t\t\t<div class=\"elementor-element elementor-element-624527e9 elementor-widget elementor-widget-text-editor\" data-id=\"624527e9\" data-element_type=\"widget\" data-widget_type=\"text-editor.default\">\n\t\t\t\t<div class=\"elementor-widget-container\">\n\t\t\t<style>\/*! elementor - v3.16.0 - 17-10-2023 *\/\n.elementor-widget-text-editor.elementor-drop-cap-view-stacked .elementor-drop-cap{background-color:#69727d;color:#fff}.elementor-widget-text-editor.elementor-drop-cap-view-framed .elementor-drop-cap{color:#69727d;border:3px solid;background-color:transparent}.elementor-widget-text-editor:not(.elementor-drop-cap-view-default) .elementor-drop-cap{margin-top:8px}.elementor-widget-text-editor:not(.elementor-drop-cap-view-default) .elementor-drop-cap-letter{width:1em;height:1em}.elementor-widget-text-editor .elementor-drop-cap{float:left;text-align:center;line-height:1;font-size:50px}.elementor-widget-text-editor .elementor-drop-cap-letter{display:inline-block}<\/style>\t\t\t\t<!--vcv no format-->\n<div class=\"vce-row-container\" data-vce-boxed-width=\"true\">\n<div id=\"el-d626e955\" class=\"vce-row vce-row--col-gap-30 vce-row-equal-height vce-row-content--top\" data-vce-do-apply=\"all el-d626e955\">\n<div class=\"vce-content-background-container\">\u00a0<\/div>\n<div class=\"vce-row-content\" data-vce-element-content=\"true\">\n<div id=\"el-8113993f\" class=\"vce-col vce-col--md-auto vce-col--xs-1 vce-col--xs-last vce-col--xs-first vce-col--sm-last vce-col--sm-first vce-col--md-last vce-col--lg-last vce-col--xl-last vce-col--md-first vce-col--lg-first vce-col--xl-first\">\n<div class=\"vce-col-inner\" data-vce-do-apply=\"border margin background  el-8113993f\">\n<div class=\"vce-col-content\" data-vce-element-content=\"true\" data-vce-do-apply=\"padding el-8113993f\">\n<div class=\"vce-row-container\" data-vce-boxed-width=\"true\">\n<div id=\"el-8de63353\" class=\"vce-row vce-row--col-gap-30 vce-row-equal-height vce-row-content--top\" data-vce-do-apply=\"all el-8de63353\">\n<div class=\"vce-content-background-container\">\u00a0<\/div>\n<div class=\"vce-row-content\" data-vce-element-content=\"true\">\n<div id=\"el-45902285\" class=\"vce-col vce-col--md-auto vce-col--xs-1 vce-col--xs-last vce-col--xs-first vce-col--sm-last vce-col--sm-first vce-col--md-last vce-col--lg-last vce-col--xl-last vce-col--md-first vce-col--lg-first vce-col--xl-first\">\n<div class=\"vce-col-inner\" data-vce-do-apply=\"border margin background  el-45902285\">\n<div class=\"vce-col-content\" data-vce-element-content=\"true\" data-vce-do-apply=\"padding el-45902285\">\n<div id=\"el-a53b545a\" class=\"vce vce-separator-with-title-container vce-separator-with-title--align-center\" data-vce-do-apply=\"margin el-a53b545a\">\n<div class=\"vce-separator-with-title vce-separator-with-title--color-bfc0c1 vce-separator-with-title--width-60\" data-vce-do-apply=\"border padding background  el-a53b545a\">\n<div class=\"vce-separator-with-title--line vce-separator-with-title--line--style-solid vce-separator-with-title-line--thickness-1 vce-separator-with-title--line-left\">\u00a0<\/div>\n<h3 class=\"vce-separator-with-title--title vce-separator-with-title--title--color-b-62-61-61\">\u00bfQui\u00e9nes somos?<\/h3>\n<div class=\"vce-separator-with-title--line vce-separator-with-title--line--style-solid vce-separator-with-title-line--thickness-1 vce-separator-with-title--line-right\">\u00a0<\/div>\n<\/div>\n<\/div>\n<\/div>\n<\/div>\n<\/div>\n<\/div>\n<\/div>\n<\/div>\n<\/div>\n<\/div>\n<\/div>\n<\/div>\n<\/div>\n<\/div>\n\n<div class=\"vce-row-container\" data-vce-boxed-width=\"true\">\n<div id=\"el-4e42b8a5\" class=\"vce-row vce-row--col-gap-30 vce-row-equal-height vce-row-content--top\" data-vce-do-apply=\"all el-4e42b8a5\">\n<div class=\"vce-row-content\" data-vce-element-content=\"true\">\n<div id=\"el-95155cb1\" class=\"vce-col vce-col--md-auto vce-col--xs-1 vce-col--xs-last vce-col--xs-first vce-col--sm-last vce-col--sm-first vce-col--md-first vce-col--lg-first vce-col--xl-first\">\n<div class=\"vce-col-inner\" data-vce-do-apply=\"border margin background  el-95155cb1\">\n<div class=\"vce-col-content\" data-vce-element-content=\"true\" data-vce-do-apply=\"padding el-95155cb1\">\n<div class=\"vce-text-block\">\n<div id=\"el-cf3be24c\" class=\"vce-text-block-wrapper vce\" data-vce-do-apply=\"all el-cf3be24c\">\n<p style=\"line-height: 0.75;\"><img loading=\"lazy\" decoding=\"async\" class=\" wp-image-668 aligncenter\" src=\"https:\/\/citt-espacio.madrimasd.org\/wp-content\/uploads\/2023\/07\/Francisco-Marin-Perez.jpg\" alt=\"\" width=\"225\" height=\"179\" \/><\/p>\n<p style=\"line-height: 1.5; text-align: justify;\">Francisco Mar\u00edn P\u00e9rez es un l\u00edder empresarial destacado con una amplia experiencia en la gesti\u00f3n de empresas tecnol\u00f3gicas espa\u00f1olas y en la direcci\u00f3n de proyectos de hardware y software. Su carrera incluye roles de liderazgo en SITRE, Electro\u00f3ptica Juan de la Cierva, ELIOP y NUCLEO de Comunicaciones y Control. En 2010, fund\u00f3 Futureplus, un fondo de Venture Capital exitoso que apoya a nuevas empresas tecnol\u00f3gicas.<\/p>\n<p style=\"text-align: justify;\">Del 2015 al 2018, Francisco dirigi\u00f3 el Centro para el Desarrollo Tecnol\u00f3gico Industrial (CDTI), promoviendo la innovaci\u00f3n empresarial y su internacionalizaci\u00f3n. Desde 2019, ha liderado Futureplus Capital Investment y el Fondo Futureplus Capital Expansi\u00f3n I FCR, invirtiendo en empresas \u00abDeep-Tech\u00bb con potencial de crecimiento. En 2020, se uni\u00f3 a CONEXO, un fondo de Venture Capital del grupo GED.<\/p>\n<p style=\"text-align: justify;\">Adem\u00e1s de sus logros empresariales, Francisco Mar\u00edn P\u00e9rez es presidente del Consejo Asesor de AYMING y vicepresidente del Foro de Empresas Innovadoras. Tambi\u00e9n ocupa el cargo de vicepresidente de la Comisi\u00f3n de I+D+I de CEOE, lo que demuestra su compromiso con el fomento de la investigaci\u00f3n, el desarrollo y la innovaci\u00f3n en el \u00e1mbito empresarial.<\/p>\n<p style=\"text-align: justify;\">Por su destacada trayectoria y contribuciones al impulso de la innovaci\u00f3n en Espa\u00f1a, Francisco recibi\u00f3 el Premio Nacional a la Trayectoria Innovadora 2020, un reconocimiento a su liderazgo y compromiso con el avance tecnol\u00f3gico en el pa\u00eds.<\/p>\n<\/div>\n<\/div>\n\n<div class=\"vce-text-block\">\n<div id=\"el-bb433422\" class=\"vce-text-block-wrapper vce\" data-vce-do-apply=\"all el-bb433422\">\n<p><a href=\"https:\/\/www.linkedin.com\/in\/francisco-mar%C3%ADn-p%C3%A9rez-1b5b745b?originalSubdomain=es\"><img loading=\"lazy\" decoding=\"async\" class=\"aligncenter wp-image-671\" src=\"https:\/\/citt-espacio.madrimasd.org\/wp-content\/uploads\/2023\/07\/Linkedin-logo-300x169.png\" alt=\"\" width=\"75\" height=\"42\" srcset=\"https:\/\/citt-espacio.madrimasd.org\/wp-content\/uploads\/2023\/07\/Linkedin-logo-300x169.png 300w, https:\/\/citt-espacio.madrimasd.org\/wp-content\/uploads\/2023\/07\/Linkedin-logo-1024x576.png 1024w, https:\/\/citt-espacio.madrimasd.org\/wp-content\/uploads\/2023\/07\/Linkedin-logo-768x432.png 768w, https:\/\/citt-espacio.madrimasd.org\/wp-content\/uploads\/2023\/07\/Linkedin-logo-1536x864.png 1536w, https:\/\/citt-espacio.madrimasd.org\/wp-content\/uploads\/2023\/07\/Linkedin-logo-2048x1152.png 2048w, https:\/\/citt-espacio.madrimasd.org\/wp-content\/uploads\/2023\/07\/Linkedin-logo-320x180.png 320w, https:\/\/citt-espacio.madrimasd.org\/wp-content\/uploads\/2023\/07\/Linkedin-logo-480x270.png 480w, https:\/\/citt-espacio.madrimasd.org\/wp-content\/uploads\/2023\/07\/Linkedin-logo-800x450.png 800w\" sizes=\"auto, (max-width: 75px) 100vw, 75px\" \/><\/a><\/p>\n<\/div>\n<\/div>\n\n<div class=\"vce-row-container\" data-vce-boxed-width=\"true\">\n<div id=\"el-80531c64\" class=\"vce-row vce-row--col-gap-30 vce-row-equal-height vce-row-content--top\" data-vce-do-apply=\"all el-80531c64\">\n<div class=\"vce-row-content\" data-vce-element-content=\"true\">\n<div id=\"el-c506c25d\" class=\"vce-col vce-col--md-auto vce-col--xs-1 vce-col--xs-last vce-col--xs-first vce-col--sm-last vce-col--sm-first vce-col--md-last vce-col--lg-last vce-col--xl-last vce-col--md-first vce-col--lg-first vce-col--xl-first\">\n<div class=\"vce-col-inner\" data-vce-do-apply=\"border margin background  el-c506c25d\">\n<div class=\"vce-col-content\" data-vce-element-content=\"true\" data-vce-do-apply=\"padding el-c506c25d\"><!-- wp:vcwb\/empty-comment-element-wrapper -->\n<div>\u00a0<\/div>\n<!-- \/wp:vcwb\/empty-comment-element-wrapper --><\/div>\n<\/div>\n<\/div>\n<\/div>\n<\/div>\n<\/div>\n<\/div>\n<\/div>\n<\/div>\n\n<div id=\"el-f75bd91a\" class=\"vce-col vce-col--md-auto vce-col--xs-1 vce-col--xs-last vce-col--xs-first vce-col--sm-last vce-col--sm-first vce-col--md-last vce-col--lg-last vce-col--xl-last\">\n<div class=\"vce-col-inner\" data-vce-do-apply=\"border margin background  el-f75bd91a\">\n<div class=\"vce-col-content\" data-vce-element-content=\"true\" data-vce-do-apply=\"padding el-f75bd91a\">\n<div class=\"vce-text-block\">\n<div id=\"el-e70a33a8\" class=\"vce-text-block-wrapper vce\" data-vce-do-apply=\"all el-e70a33a8\">\n<p><img loading=\"lazy\" decoding=\"async\" class=\"wp-image-1327 size-medium aligncenter\" src=\"http:\/\/citt-espacio.madrimasd.org\/wp-content\/uploads\/2025\/12\/Jesus-TorreCristal-mayo2024-202x300.jpg\" alt=\"\" width=\"202\" height=\"300\" srcset=\"https:\/\/citt-espacio.madrimasd.org\/wp-content\/uploads\/2025\/12\/Jesus-TorreCristal-mayo2024-202x300.jpg 202w, https:\/\/citt-espacio.madrimasd.org\/wp-content\/uploads\/2025\/12\/Jesus-TorreCristal-mayo2024-691x1024.jpg 691w, https:\/\/citt-espacio.madrimasd.org\/wp-content\/uploads\/2025\/12\/Jesus-TorreCristal-mayo2024-768x1139.jpg 768w, https:\/\/citt-espacio.madrimasd.org\/wp-content\/uploads\/2025\/12\/Jesus-TorreCristal-mayo2024-320x474.jpg 320w, https:\/\/citt-espacio.madrimasd.org\/wp-content\/uploads\/2025\/12\/Jesus-TorreCristal-mayo2024-480x712.jpg 480w, https:\/\/citt-espacio.madrimasd.org\/wp-content\/uploads\/2025\/12\/Jesus-TorreCristal-mayo2024-800x1186.jpg 800w, https:\/\/citt-espacio.madrimasd.org\/wp-content\/uploads\/2025\/12\/Jesus-TorreCristal-mayo2024.jpg 926w\" sizes=\"auto, (max-width: 202px) 100vw, 202px\" \/><\/p>\n<\/div>\n<\/div>\n<div class=\"vce-text-block\">\n<div id=\"el-84b1bb6c\" class=\"vce-text-block-wrapper vce\" data-vce-do-apply=\"all el-84b1bb6c\">\n<p><a href=\"https:\/\/www.linkedin.com\/in\/jes%C3%BAs-gallego-maestro-5233a813?originalSubdomain=es\">\u00a0<\/a><\/p>\n<p><a href=\"https:\/\/www.linkedin.com\/in\/jes%C3%BAs-gallego-maestro-5233a813?originalSubdomain=es\">\u00a0<\/a><\/p>\n<div>\n<div id=\"m_-3154480608389613007el-e70a33a8\">\n<p>Jes\u00fas Gallego Maestro es un reconocido Catedr\u00e1tico de Astrof\u00edsica en la Universidad Complutense de Madrid (UCM), donde ha contribuido a la ense\u00f1anza y la investigaci\u00f3n durante varias d\u00e9cadas. Despu\u00e9s de hacer la tesis doctoral en la UCM y ser investigador postdoctoral en el Lick Observatory, University of California Santa Cruz, comenz\u00f3 su carrera acad\u00e9mica en 1997 como Profesor en la UCM y desde 2018 ocupa su actual cargo. Adem\u00e1s de su labor docente, Gallego ha sido Coordinador Acad\u00e9mico del m\u00e1ster en Astrof\u00edsica y del programa de Doctorado en Astrof\u00edsica de la Universidad Complutense durante m\u00e1s de cinco a\u00f1os. Ha sido asesor del Ministerio de Ciencia e Innovaci\u00f3n, llevando la representaci\u00f3n espa\u00f1ola en la red ASTRONET de agencias financiadoras europeas para la Astronom\u00eda y el Espacio. Ha sido cuatro a\u00f1os subdirector de innovaci\u00f3n de la Fundaci\u00f3n General de la UCM. Gallego es actualmente\u00a0miembro de la comisi\u00f3n de asesoramiento de la divisi\u00f3n de ense\u00f1anza e instituciones de ANECA (CADEEI).<\/p>\n<p>A nivel internacional, Gallego trabaja en el campo de la formaci\u00f3n y evoluci\u00f3n de galaxias, participando en observaciones astron\u00f3micas y an\u00e1lisis de datos de\u00a0telescopios en tierra y en el espacio. Adem\u00e1s, ha estado involucrado en una serie de proyectos de instrumentaci\u00f3n de gran envergadura, destacando su contribuci\u00f3n al desarrollo de los instrumentos EMIR y MEGARA para el\u00a0Gran Telescopio Canarias y al proyecto &#8216;Cities at Night&#8217;, que busca catalogar y georreferenciar im\u00e1genes nocturnas de ciudades tomadas por astronautas en la Estaci\u00f3n Espacial Internacional. Gallego es socio fundador de la Fundaci\u00f3n Stars4all, enfocada al estudio de la contaminaci\u00f3n lum\u00ednica, y es el representante espa\u00f1ol en el Board del consorcio internacional para el dise\u00f1o y construcci\u00f3n del instrumento MOSAIC para el telescopio gigante europeo ESO\/ELT.<\/p>\n<\/div>\n<\/div>\n<div>\n<div id=\"m_-3154480608389613007el-84b1bb6c\">\u00a0<\/div>\n<\/div>\n<p><a href=\"https:\/\/www.linkedin.com\/in\/jes%C3%BAs-gallego-maestro-5233a813?originalSubdomain=es\"><img loading=\"lazy\" decoding=\"async\" class=\"aligncenter wp-image-671\" src=\"https:\/\/citt-espacio.madrimasd.org\/wp-content\/uploads\/2023\/07\/Linkedin-logo-300x169.png\" alt=\"\" width=\"75\" height=\"42\" srcset=\"https:\/\/citt-espacio.madrimasd.org\/wp-content\/uploads\/2023\/07\/Linkedin-logo-300x169.png 300w, https:\/\/citt-espacio.madrimasd.org\/wp-content\/uploads\/2023\/07\/Linkedin-logo-1024x576.png 1024w, https:\/\/citt-espacio.madrimasd.org\/wp-content\/uploads\/2023\/07\/Linkedin-logo-768x432.png 768w, https:\/\/citt-espacio.madrimasd.org\/wp-content\/uploads\/2023\/07\/Linkedin-logo-1536x864.png 1536w, https:\/\/citt-espacio.madrimasd.org\/wp-content\/uploads\/2023\/07\/Linkedin-logo-2048x1152.png 2048w, https:\/\/citt-espacio.madrimasd.org\/wp-content\/uploads\/2023\/07\/Linkedin-logo-320x180.png 320w, https:\/\/citt-espacio.madrimasd.org\/wp-content\/uploads\/2023\/07\/Linkedin-logo-480x270.png 480w, https:\/\/citt-espacio.madrimasd.org\/wp-content\/uploads\/2023\/07\/Linkedin-logo-800x450.png 800w\" sizes=\"auto, (max-width: 75px) 100vw, 75px\" \/><\/a><\/p>\n<\/div>\n<\/div>\n<\/div>\n<\/div>\n<\/div>\n<\/div>\n<\/div>\n<\/div>\n<!--vcv no format-->\t\t\t\t\t\t<\/div>\n\t\t\t\t<\/div>\n\t\t\t\t\t<\/div>\n\t\t\t\t<\/div>\n\t\t\t\t\t\t\t<\/div>\n\t\t","protected":false},"excerpt":{"rendered":"<p>\u00a0 \u00a0 \u00a0 \u00bfQui\u00e9nes somos? \u00a0 Francisco Mar\u00edn P\u00e9rez es un l\u00edder empresarial destacado con una amplia experiencia en la gesti\u00f3n de empresas tecnol\u00f3gicas espa\u00f1olas y en la direcci\u00f3n de proyectos de hardware y software. Su carrera incluye roles de liderazgo en SITRE, Electro\u00f3ptica Juan de la Cierva, ELIOP y NUCLEO de Comunicaciones y Control. En 2010, fund\u00f3 Futureplus, un fondo de Venture Capital exitoso que apoya a nuevas empresas tecnol\u00f3gicas. Del 2015 al 2018, Francisco dirigi\u00f3 el Centro para el Desarrollo Tecnol\u00f3gico Industrial (CDTI), promoviendo la innovaci\u00f3n empresarial y su internacionalizaci\u00f3n. Desde 2019, ha liderado Futureplus Capital Investment y\u2026<\/p>\n","protected":false},"author":3,"featured_media":0,"parent":23,"menu_order":0,"comment_status":"closed","ping_status":"closed","template":"","meta":{"pmpro_default_level":0,"passster_activate_protection":false,"passster_protect_child_pages":"","passster_protection_type":"password","passster_password":"","passster_activate_overwrite_defaults":"","passster_headline":"","passster_instruction":"","passster_placeholder":"","passster_button":"","passster_id":"","passster_activate_misc_settings":"","passster_redirect_url":"","passster_hide":"no","passster_area_shortcode":"","_mc_calendar":[],"footnotes":""},"class_list":["post-17","page","type-page","status-publish","hentry","pmpro-has-access"],"blocksy_meta":"","acf":[],"_links":{"self":[{"href":"https:\/\/citt-espacio.madrimasd.org\/index.php\/wp-json\/wp\/v2\/pages\/17","targetHints":{"allow":["GET"]}}],"collection":[{"href":"https:\/\/citt-espacio.madrimasd.org\/index.php\/wp-json\/wp\/v2\/pages"}],"about":[{"href":"https:\/\/citt-espacio.madrimasd.org\/index.php\/wp-json\/wp\/v2\/types\/page"}],"author":[{"embeddable":true,"href":"https:\/\/citt-espacio.madrimasd.org\/index.php\/wp-json\/wp\/v2\/users\/3"}],"replies":[{"embeddable":true,"href":"https:\/\/citt-espacio.madrimasd.org\/index.php\/wp-json\/wp\/v2\/comments?post=17"}],"version-history":[{"count":23,"href":"https:\/\/citt-espacio.madrimasd.org\/index.php\/wp-json\/wp\/v2\/pages\/17\/revisions"}],"predecessor-version":[{"id":1330,"href":"https:\/\/citt-espacio.madrimasd.org\/index.php\/wp-json\/wp\/v2\/pages\/17\/revisions\/1330"}],"up":[{"embeddable":true,"href":"https:\/\/citt-espacio.madrimasd.org\/index.php\/wp-json\/wp\/v2\/pages\/23"}],"wp:attachment":[{"href":"https:\/\/citt-espacio.madrimasd.org\/index.php\/wp-json\/wp\/v2\/media?parent=17"}],"curies":[{"name":"wp","href":"https:\/\/api.w.org\/{rel}","templated":true}]}}