{"id":1056,"date":"2024-01-18T09:03:26","date_gmt":"2024-01-18T09:03:26","guid":{"rendered":"https:\/\/citt-espacio.madrimasd.org\/?page_id=1056"},"modified":"2024-05-16T14:41:54","modified_gmt":"2024-05-16T14:41:54","slug":"convocatorias","status":"publish","type":"page","link":"https:\/\/citt-espacio.madrimasd.org\/index.php\/convocatorias\/","title":{"rendered":""},"content":{"rendered":"<div class=\"vce-row-container\" data-vce-boxed-width=\"true\"><div class=\"vce-row vce-row--col-gap-30 vce-row-equal-height vce-row-content--top\" id=\"el-d9147332\" data-vce-do-apply=\"all el-d9147332\"><div class=\"vce-row-content\" data-vce-element-content=\"true\"><div class=\"vce-col vce-col--md-auto vce-col--xs-1 vce-col--xs-last vce-col--xs-first vce-col--sm-last vce-col--sm-first vce-col--md-first vce-col--lg-first vce-col--xl-first\" id=\"el-df7c19ec\"><div class=\"vce-col-inner\" data-vce-do-apply=\"border margin background  el-df7c19ec\"><div class=\"vce-col-content\" data-vce-element-content=\"true\" data-vce-do-apply=\"padding el-df7c19ec\"><section class=\"vce-hero-section-container vce-hero-section-media--xs vce-hero-section-media--sm\"><div class=\"vce vce-hero-section\" id=\"el-2acf09e0\" data-vce-background-image-all=\"https:\/\/citt-espacio.madrimasd.org\/wp-content\/uploads\/2023\/07\/c-1-scaled.jpg\" data-vce-background-image=\"all\" data-vce-lozad=\"true\" data-vce-do-apply=\"margin background border  el-2acf09e0\"><div class=\"vce-hero-section--wrap-row\"><div class=\"vce-hero-section--wrap\"><div class=\"vce-hero-section--content\" data-vce-do-apply=\"padding el-2acf09e0\"><div class=\"vce-hero-section--content-container\"><h1 style=\"color: #fff; text-align: center;\">Convocatorias Espa\u00f1a<\/h1><\/div><div class=\"vce-button--style-basic-container vce-button--style-basic-container--align-center\"><span class=\"vce-button--style-basic-wrapper vce\" id=\"el-0556b0c4\" data-vce-do-apply=\"margin el-0556b0c4\"><a class=\"vce-button vce-button--style-basic vce-button--style-basic--border-square vce-button--style-basic--size-medium vce-button--style-basic--color-557cbf--fff\" href=\"https:\/\/citt-espacio.madrimasd.org\/index.php\/convocatorias-espana\/\" title=\"\" data-vce-do-apply=\"padding border background  el-0556b0c4\">Pincha aqu\u00ed para conocer las convocatorias disponibles<\/a><\/span><\/div><\/div><\/div><\/div><\/div><\/section><\/div><\/div><\/div><div class=\"vce-col vce-col--md-auto vce-col--xs-1 vce-col--xs-last vce-col--xs-first vce-col--sm-last vce-col--sm-first vce-col--md-last vce-col--lg-last vce-col--xl-last\" id=\"el-e06de0c1\"><div class=\"vce-col-inner\" data-vce-do-apply=\"border margin background  el-e06de0c1\"><div class=\"vce-col-content\" data-vce-element-content=\"true\" data-vce-do-apply=\"padding el-e06de0c1\"><section class=\"vce-hero-section-container vce-hero-section-media--xs vce-hero-section-media--sm\"><div class=\"vce vce-hero-section\" id=\"el-9ce496cc\" data-vce-background-image-all=\"https:\/\/citt-espacio.madrimasd.org\/wp-content\/uploads\/2023\/07\/c-1-scaled.jpg\" data-vce-background-image=\"all\" data-vce-lozad=\"true\" data-vce-do-apply=\"margin background border  el-9ce496cc\"><div class=\"vce-hero-section--wrap-row\"><div class=\"vce-hero-section--wrap\"><div class=\"vce-hero-section--content\" data-vce-do-apply=\"padding el-9ce496cc\"><div class=\"vce-hero-section--content-container\"><h1 style=\"color: #fff; text-align: center;\">Convocatorias Europa<\/h1><\/div><div class=\"vce-button--style-basic-container vce-button--style-basic-container--align-center\"><span class=\"vce-button--style-basic-wrapper vce\" id=\"el-fc678298\" data-vce-do-apply=\"margin el-fc678298\"><a class=\"vce-button vce-button--style-basic vce-button--style-basic--border-square vce-button--style-basic--size-medium vce-button--style-basic--color-557cbf--fff\" href=\"https:\/\/citt-espacio.madrimasd.org\/index.php\/convocatorias-europa\/\" title=\"\" data-vce-do-apply=\"padding border background  el-fc678298\">Pincha aqu\u00ed para conocer las convocatorias disponibles<\/a><\/span><\/div><\/div><\/div><\/div><\/div><\/section><\/div><\/div><\/div><\/div><\/div><\/div>\n","protected":false},"excerpt":{"rendered":"<p>Convocatorias Espa\u00f1aPincha aqu\u00ed para conocer las convocatorias disponiblesConvocatorias EuropaPincha aqu\u00ed para conocer las convocatorias disponibles<\/p>\n","protected":false},"author":3,"featured_media":0,"parent":0,"menu_order":0,"comment_status":"closed","ping_status":"closed","template":"","meta":{"pmpro_default_level":0,"passster_activate_protection":false,"passster_protect_child_pages":"","passster_protection_type":"password","passster_password":"","passster_activate_overwrite_defaults":"","passster_headline":"","passster_instruction":"","passster_placeholder":"","passster_button":"","passster_id":"","passster_activate_misc_settings":"","passster_redirect_url":"","passster_hide":"no","passster_area_shortcode":"","_mc_calendar":[],"footnotes":""},"class_list":["post-1056","page","type-page","status-publish","hentry","pmpro-has-access"],"blocksy_meta":"","acf":[],"_links":{"self":[{"href":"https:\/\/citt-espacio.madrimasd.org\/index.php\/wp-json\/wp\/v2\/pages\/1056","targetHints":{"allow":["GET"]}}],"collection":[{"href":"https:\/\/citt-espacio.madrimasd.org\/index.php\/wp-json\/wp\/v2\/pages"}],"about":[{"href":"https:\/\/citt-espacio.madrimasd.org\/index.php\/wp-json\/wp\/v2\/types\/page"}],"author":[{"embeddable":true,"href":"https:\/\/citt-espacio.madrimasd.org\/index.php\/wp-json\/wp\/v2\/users\/3"}],"replies":[{"embeddable":true,"href":"https:\/\/citt-espacio.madrimasd.org\/index.php\/wp-json\/wp\/v2\/comments?post=1056"}],"version-history":[{"count":4,"href":"https:\/\/citt-espacio.madrimasd.org\/index.php\/wp-json\/wp\/v2\/pages\/1056\/revisions"}],"predecessor-version":[{"id":1102,"href":"https:\/\/citt-espacio.madrimasd.org\/index.php\/wp-json\/wp\/v2\/pages\/1056\/revisions\/1102"}],"wp:attachment":[{"href":"https:\/\/citt-espacio.madrimasd.org\/index.php\/wp-json\/wp\/v2\/media?parent=1056"}],"curies":[{"name":"wp","href":"https:\/\/api.w.org\/{rel}","templated":true}]}}